{"id":219,"date":"2020-11-21T08:47:27","date_gmt":"2020-11-21T07:47:27","guid":{"rendered":"https:\/\/www.frecciaazzurra.it\/?page_id=219"},"modified":"2023-06-01T12:29:54","modified_gmt":"2023-06-01T10:29:54","slug":"kontakt-contatto","status":"publish","type":"page","link":"https:\/\/www.frecciaazzurra.it\/?page_id=219","title":{"rendered":"Kontakt | contatto"},"content":{"rendered":"\n<div class=\"wp-block-columns is-layout-flex wp-container-core-columns-is-layout-9d6595d7 wp-block-columns-is-layout-flex\">\n<div class=\"wp-block-column is-layout-flow wp-block-column-is-layout-flow\">\n<p>Wir freuen uns \u00fcber Ihre Nachricht. Hier haben Sie die M\u00f6glichkeit mit uns in Kontakt zu treten. Wir bem\u00fchen uns zeitnah um Ihr Anliegen zu k\u00fcmmern.<\/p>\n<\/div>\n\n\n\n<div class=\"wp-block-column is-layout-flow wp-block-column-is-layout-flow\">\n<p>Siamo lieti di ricevere un vostro messaggio. Qui avete la possibilit\u00e0 di mettervi in contatto con noi. Ci impegnamo di rispondere tempestivamente alla Sua richiesta.<\/p>\n<\/div>\n<\/div>\n\n\n<div class=\"wp-block-image\">\n<figure class=\"aligncenter size-full\"><img loading=\"lazy\" decoding=\"async\" width=\"501\" height=\"35\" src=\"https:\/\/www.frecciaazzurra.it\/wp-content\/uploads\/2021\/08\/image.png\" alt=\"\" class=\"wp-image-474\" srcset=\"https:\/\/www.frecciaazzurra.it\/wp-content\/uploads\/2021\/08\/image.png 501w, https:\/\/www.frecciaazzurra.it\/wp-content\/uploads\/2021\/08\/image-350x24.png 350w, https:\/\/www.frecciaazzurra.it\/wp-content\/uploads\/2021\/08\/image-300x21.png 300w\" sizes=\"auto, (max-width: 501px) 100vw, 501px\" \/><\/figure>\n<\/div>\n\n\n<p> <\/p>\n\n\n\n<div class=\"wp-block-columns is-layout-flex wp-container-core-columns-is-layout-9d6595d7 wp-block-columns-is-layout-flex\">\n<div class=\"wp-block-column is-layout-flow wp-block-column-is-layout-flow\">\n<p><strong>Hinweis zum Ersatzteilservice<\/strong>: <\/p>\n\n\n\n<p>Gerne k\u00f6nnen Sie bei uns Ersatzteile f\u00fcr Ihr Modell anfragen. Sofern dieses bei uns lagernd ist, bieten wir es Ihnen gerne an. Bitte haben Sie Verst\u00e4ndnis, dass ein Austausch bei einem Kulanzfall nur gegen Einsendung von Fotos m\u00f6glich ist.<\/p>\n<\/div>\n\n\n\n<div class=\"wp-block-column is-layout-flow wp-block-column-is-layout-flow\">\n<p><strong>Informazione sul servizio ricambi:<\/strong><\/p>\n\n\n\n<p> Volentieri pu\u00f2 richiedere pezzi di ricambio per il Suo modello, in quanto ne abbiamo la disponibilit\u00e0. Le chiediamo la Sua comprensione che una sostituzione in un caso di cortesia avviene solo inviandoci delle Foto.<\/p>\n<\/div>\n<\/div>\n\n\n\n<div class=\"wp-block-columns is-layout-flex wp-container-core-columns-is-layout-9d6595d7 wp-block-columns-is-layout-flex\">\n<div class=\"wp-block-column is-layout-flow wp-block-column-is-layout-flow\">\n<p><\/p>\n<\/div>\n\n\n\n<div class=\"wp-block-column is-layout-flow wp-block-column-is-layout-flow\"><\/div>\n<\/div>\n","protected":false},"excerpt":{"rendered":"<p>Wir freuen uns \u00fcber Ihre Nachricht. Hier haben Sie die M\u00f6glichkeit mit uns in Kontakt zu treten. Wir bem\u00fchen uns zeitnah um Ihr Anliegen zu k\u00fcmmern. Siamo lieti di ricevere un vostro messaggio. Qui avete la possibilit\u00e0 di mettervi in contatto con noi. Ci impegnamo di rispondere tempestivamente alla Sua richiesta. Hinweis zum Ersatzteilservice: Gerne &hellip; <a href=\"https:\/\/www.frecciaazzurra.it\/?page_id=219\" class=\"more-link\"><span class=\"screen-reader-text\">Kontakt | contatto<\/span> weiterlesen<\/a><\/p>\n","protected":false},"author":1,"featured_media":503,"parent":0,"menu_order":0,"comment_status":"closed","ping_status":"closed","template":"","meta":{"footnotes":""},"class_list":["post-219","page","type-page","status-publish","has-post-thumbnail","hentry"],"jetpack_sharing_enabled":true,"_links":{"self":[{"href":"https:\/\/www.frecciaazzurra.it\/index.php?rest_route=\/wp\/v2\/pages\/219","targetHints":{"allow":["GET"]}}],"collection":[{"href":"https:\/\/www.frecciaazzurra.it\/index.php?rest_route=\/wp\/v2\/pages"}],"about":[{"href":"https:\/\/www.frecciaazzurra.it\/index.php?rest_route=\/wp\/v2\/types\/page"}],"author":[{"embeddable":true,"href":"https:\/\/www.frecciaazzurra.it\/index.php?rest_route=\/wp\/v2\/users\/1"}],"replies":[{"embeddable":true,"href":"https:\/\/www.frecciaazzurra.it\/index.php?rest_route=%2Fwp%2Fv2%2Fcomments&post=219"}],"version-history":[{"count":12,"href":"https:\/\/www.frecciaazzurra.it\/index.php?rest_route=\/wp\/v2\/pages\/219\/revisions"}],"predecessor-version":[{"id":1096,"href":"https:\/\/www.frecciaazzurra.it\/index.php?rest_route=\/wp\/v2\/pages\/219\/revisions\/1096"}],"wp:featuredmedia":[{"embeddable":true,"href":"https:\/\/www.frecciaazzurra.it\/index.php?rest_route=\/wp\/v2\/media\/503"}],"wp:attachment":[{"href":"https:\/\/www.frecciaazzurra.it\/index.php?rest_route=%2Fwp%2Fv2%2Fmedia&parent=219"}],"curies":[{"name":"wp","href":"https:\/\/api.w.org\/{rel}","templated":true}]}}