{"id":385,"date":"2020-12-31T17:23:40","date_gmt":"2020-12-31T16:23:40","guid":{"rendered":"https:\/\/www.frecciaazzurra.it\/?page_id=385"},"modified":"2024-01-08T14:44:02","modified_gmt":"2024-01-08T13:44:02","slug":"willkommen-benvenuti","status":"publish","type":"page","link":"https:\/\/www.frecciaazzurra.it\/","title":{"rendered":"Willkommen | Benvenuti"},"content":{"rendered":"\n<div class=\"wp-block-columns is-layout-flex wp-container-core-columns-is-layout-9d6595d7 wp-block-columns-is-layout-flex\">\n<div class=\"wp-block-column is-layout-flow wp-block-column-is-layout-flow\">\n<p>auf der Webseite von FRECCIAAZURRA.<\/p>\n<\/div>\n\n\n\n<div class=\"wp-block-column is-layout-flow wp-block-column-is-layout-flow\">\n<p>sul sito web di FRECCIAAZZURRA.<\/p>\n<\/div>\n<\/div>\n\n\n\n<div class=\"wp-block-group has-background\" style=\"background-color:#d4f6e7\"><div class=\"wp-block-group__inner-container is-layout-flow wp-block-group-is-layout-flow\">\n<h2 class=\"wp-block-heading\"><strong>Aktuelles | novit\u00e0<\/strong><\/h2>\n\n\n\n<div class=\"wp-block-group has-background\" style=\"background-color:#8ddfc4\"><div class=\"wp-block-group__inner-container is-layout-constrained wp-block-group-is-layout-constrained\">\n<p><strong><span style=\"text-decoration: underline;\">SOFORT VERF\u00dcGBAR | DISPONIBILE<\/span><\/strong><\/p>\n\n\n\n<p><strong><span style=\"text-decoration: underline;\">BAUSATZ Diesellokomotive LM4 der FCL im Ma\u00dfstab 1:87 Spurweite H0m | Kit montaggio locomotore LM4 delle FCL in scala 1:87 scartamento H0m<\/span><\/strong><\/p>\n\n\n\n<div class=\"wp-block-columns is-layout-flex wp-container-core-columns-is-layout-9d6595d7 wp-block-columns-is-layout-flex\">\n<div class=\"wp-block-column is-layout-flow wp-block-column-is-layout-flow\">\n<p>Bausatz der Diesellokomotive LM4 der FCL mit folgenden Eigenschaften: hochwertige Resingussteile, feine \u00c4tzteile, Gro\u00dfserienfahrwerk mit Plux12 Decoder-Steckplatz, gefr\u00e4ste Fensterscheiben;<\/p>\n\n\n\n<p>Bei Bestellung bitte angeben ob, gelbe (Epoche V, VI) oder elfenbeinfarbene (Epoche IV) Zierlinien gew\u00fcnscht sind.<\/p>\n\n\n\n<p>Preis: EUR 225,00<\/p>\n<\/div>\n\n\n\n<div class=\"wp-block-column is-layout-flow wp-block-column-is-layout-flow\">\n<p>Scatola di montaggio del locomotore LM4 delle FCL con le seguenti caratteristiche: parti in resina di alta qualit\u00e0, fotoincisioni in ottone, motorizzazione di grande serie e presa per decoder Plux12, finestrini fresati;<\/p>\n\n\n\n<p>Al momento dell&#8217;ordine, specificare se sono richieste linee decorative gialle (Epoca V, VI) o avorio (Epoca IV).<\/p>\n\n\n\n<p>Prezzo: EUR 225,00<\/p>\n<\/div>\n<\/div>\n\n\n\n<figure class=\"wp-block-image size-large\"><img loading=\"lazy\" decoding=\"async\" width=\"1024\" height=\"768\" src=\"https:\/\/www.frecciaazzurra.it\/wp-content\/uploads\/2023\/12\/P2080138-1024x768.jpg\" alt=\"\" class=\"wp-image-1143\" srcset=\"https:\/\/www.frecciaazzurra.it\/wp-content\/uploads\/2023\/12\/P2080138-1024x768.jpg 1024w, https:\/\/www.frecciaazzurra.it\/wp-content\/uploads\/2023\/12\/P2080138-300x225.jpg 300w, https:\/\/www.frecciaazzurra.it\/wp-content\/uploads\/2023\/12\/P2080138-768x576.jpg 768w, https:\/\/www.frecciaazzurra.it\/wp-content\/uploads\/2023\/12\/P2080138-1536x1152.jpg 1536w, https:\/\/www.frecciaazzurra.it\/wp-content\/uploads\/2023\/12\/P2080138-2048x1536.jpg 2048w, https:\/\/www.frecciaazzurra.it\/wp-content\/uploads\/2023\/12\/P2080138-350x263.jpg 350w\" sizes=\"auto, (max-width: 1024px) 100vw, 1024px\" \/><\/figure>\n\n\n\n<p> <\/p>\n\n\n\n<figure class=\"wp-block-image size-large\"><img loading=\"lazy\" decoding=\"async\" width=\"1024\" height=\"638\" src=\"https:\/\/www.frecciaazzurra.it\/wp-content\/uploads\/2023\/12\/image-1024x638.png\" alt=\"\" class=\"wp-image-1145\" srcset=\"https:\/\/www.frecciaazzurra.it\/wp-content\/uploads\/2023\/12\/image-1024x638.png 1024w, https:\/\/www.frecciaazzurra.it\/wp-content\/uploads\/2023\/12\/image-300x187.png 300w, https:\/\/www.frecciaazzurra.it\/wp-content\/uploads\/2023\/12\/image-768x479.png 768w, https:\/\/www.frecciaazzurra.it\/wp-content\/uploads\/2023\/12\/image-1536x957.png 1536w, https:\/\/www.frecciaazzurra.it\/wp-content\/uploads\/2023\/12\/image-2048x1276.png 2048w, https:\/\/www.frecciaazzurra.it\/wp-content\/uploads\/2023\/12\/image-350x218.png 350w\" sizes=\"auto, (max-width: 1024px) 100vw, 1024px\" \/><\/figure>\n\n\n\n<figure class=\"wp-block-image size-large is-resized\"><img loading=\"lazy\" decoding=\"async\" width=\"1024\" height=\"498\" src=\"https:\/\/www.frecciaazzurra.it\/wp-content\/uploads\/2023\/12\/20220323_163233-1024x498.jpg\" alt=\"\" class=\"wp-image-1148\" style=\"width:529px;height:auto\" srcset=\"https:\/\/www.frecciaazzurra.it\/wp-content\/uploads\/2023\/12\/20220323_163233-1024x498.jpg 1024w, https:\/\/www.frecciaazzurra.it\/wp-content\/uploads\/2023\/12\/20220323_163233-300x146.jpg 300w, https:\/\/www.frecciaazzurra.it\/wp-content\/uploads\/2023\/12\/20220323_163233-768x373.jpg 768w, https:\/\/www.frecciaazzurra.it\/wp-content\/uploads\/2023\/12\/20220323_163233-1536x747.jpg 1536w, https:\/\/www.frecciaazzurra.it\/wp-content\/uploads\/2023\/12\/20220323_163233-2048x996.jpg 2048w, https:\/\/www.frecciaazzurra.it\/wp-content\/uploads\/2023\/12\/20220323_163233-350x170.jpg 350w\" sizes=\"auto, (max-width: 1024px) 100vw, 1024px\" \/><\/figure>\n\n\n\n<figure class=\"wp-block-image size-large\"><img loading=\"lazy\" decoding=\"async\" width=\"1024\" height=\"577\" src=\"https:\/\/www.frecciaazzurra.it\/wp-content\/uploads\/2023\/12\/20231216_151544-1024x577.jpg\" alt=\"\" class=\"wp-image-1150\" srcset=\"https:\/\/www.frecciaazzurra.it\/wp-content\/uploads\/2023\/12\/20231216_151544-1024x577.jpg 1024w, https:\/\/www.frecciaazzurra.it\/wp-content\/uploads\/2023\/12\/20231216_151544-300x169.jpg 300w, https:\/\/www.frecciaazzurra.it\/wp-content\/uploads\/2023\/12\/20231216_151544-768x432.jpg 768w, https:\/\/www.frecciaazzurra.it\/wp-content\/uploads\/2023\/12\/20231216_151544-1536x865.jpg 1536w, https:\/\/www.frecciaazzurra.it\/wp-content\/uploads\/2023\/12\/20231216_151544-2048x1153.jpg 2048w, https:\/\/www.frecciaazzurra.it\/wp-content\/uploads\/2023\/12\/20231216_151544-350x197.jpg 350w\" sizes=\"auto, (max-width: 1024px) 100vw, 1024px\" \/><\/figure>\n<\/div><\/div>\n\n\n\n<p>__<\/p>\n\n\n\n<p><\/p>\n\n\n\n<div class=\"wp-block-group has-background\" style=\"background-color:#8ddfc4\"><div class=\"wp-block-group__inner-container is-layout-constrained wp-block-group-is-layout-constrained\">\n<p><strong><span style=\"text-decoration: underline;\">In Produktion | in produzione<\/span><\/strong><\/p>\n\n\n\n<p><strong><span style=\"text-decoration: underline;\">Dampflokomotive MCL 182 und FCL 188 | locomotiva a vapore MCL 182 e FCL 188<\/span><\/strong><\/p>\n\n\n\n<div class=\"wp-block-columns is-layout-flex wp-container-core-columns-is-layout-9d6595d7 wp-block-columns-is-layout-flex\">\n<div class=\"wp-block-column is-layout-flow wp-block-column-is-layout-flow\">\n<p>Die Fotos zeigen unfertige Prototypen.<\/p>\n<\/div>\n\n\n\n<div class=\"wp-block-column is-layout-flow wp-block-column-is-layout-flow\">\n<p>Le foto mostrano prototipi non definitivi.<\/p>\n<\/div>\n<\/div>\n\n\n\n<p><\/p>\n\n\n\n<figure class=\"wp-block-image size-large\"><img loading=\"lazy\" decoding=\"async\" width=\"1024\" height=\"676\" src=\"https:\/\/www.frecciaazzurra.it\/wp-content\/uploads\/2023\/06\/20230318_113132-1-1024x676.jpg\" alt=\"\" class=\"wp-image-1109\" srcset=\"https:\/\/www.frecciaazzurra.it\/wp-content\/uploads\/2023\/06\/20230318_113132-1-1024x676.jpg 1024w, https:\/\/www.frecciaazzurra.it\/wp-content\/uploads\/2023\/06\/20230318_113132-1-300x198.jpg 300w, https:\/\/www.frecciaazzurra.it\/wp-content\/uploads\/2023\/06\/20230318_113132-1-768x507.jpg 768w, https:\/\/www.frecciaazzurra.it\/wp-content\/uploads\/2023\/06\/20230318_113132-1-1536x1013.jpg 1536w, https:\/\/www.frecciaazzurra.it\/wp-content\/uploads\/2023\/06\/20230318_113132-1-2048x1351.jpg 2048w, https:\/\/www.frecciaazzurra.it\/wp-content\/uploads\/2023\/06\/20230318_113132-1-350x231.jpg 350w\" sizes=\"auto, (max-width: 1024px) 100vw, 1024px\" \/><\/figure>\n\n\n\n<figure class=\"wp-block-image size-large\"><img loading=\"lazy\" decoding=\"async\" width=\"1024\" height=\"639\" src=\"https:\/\/www.frecciaazzurra.it\/wp-content\/uploads\/2023\/06\/20230318_113149-1-1024x639.jpg\" alt=\"\" class=\"wp-image-1110\" srcset=\"https:\/\/www.frecciaazzurra.it\/wp-content\/uploads\/2023\/06\/20230318_113149-1-1024x639.jpg 1024w, https:\/\/www.frecciaazzurra.it\/wp-content\/uploads\/2023\/06\/20230318_113149-1-300x187.jpg 300w, https:\/\/www.frecciaazzurra.it\/wp-content\/uploads\/2023\/06\/20230318_113149-1-768x479.jpg 768w, https:\/\/www.frecciaazzurra.it\/wp-content\/uploads\/2023\/06\/20230318_113149-1-1536x958.jpg 1536w, https:\/\/www.frecciaazzurra.it\/wp-content\/uploads\/2023\/06\/20230318_113149-1-2048x1278.jpg 2048w, https:\/\/www.frecciaazzurra.it\/wp-content\/uploads\/2023\/06\/20230318_113149-1-350x218.jpg 350w\" sizes=\"auto, (max-width: 1024px) 100vw, 1024px\" \/><\/figure>\n\n\n\n<figure class=\"wp-block-image size-large\"><img loading=\"lazy\" decoding=\"async\" width=\"1024\" height=\"498\" src=\"https:\/\/www.frecciaazzurra.it\/wp-content\/uploads\/2023\/06\/20220923_163012-1-1024x498.jpg\" alt=\"\" class=\"wp-image-1111\" srcset=\"https:\/\/www.frecciaazzurra.it\/wp-content\/uploads\/2023\/06\/20220923_163012-1-1024x498.jpg 1024w, https:\/\/www.frecciaazzurra.it\/wp-content\/uploads\/2023\/06\/20220923_163012-1-300x146.jpg 300w, https:\/\/www.frecciaazzurra.it\/wp-content\/uploads\/2023\/06\/20220923_163012-1-768x373.jpg 768w, https:\/\/www.frecciaazzurra.it\/wp-content\/uploads\/2023\/06\/20220923_163012-1-1536x747.jpg 1536w, https:\/\/www.frecciaazzurra.it\/wp-content\/uploads\/2023\/06\/20220923_163012-1-2048x996.jpg 2048w, https:\/\/www.frecciaazzurra.it\/wp-content\/uploads\/2023\/06\/20220923_163012-1-350x170.jpg 350w\" sizes=\"auto, (max-width: 1024px) 100vw, 1024px\" \/><\/figure>\n\n\n\n<p> __<\/p>\n<\/div><\/div>\n\n\n\n<p> <\/p>\n\n\n\n<p>__<\/p>\n\n\n\n<p><strong>Neuheiten | novit\u00e0 2022\/23<\/strong><\/p>\n\n\n\n<figure class=\"wp-block-image size-large\"><img loading=\"lazy\" decoding=\"async\" width=\"724\" height=\"1024\" src=\"https:\/\/www.frecciaazzurra.it\/wp-content\/uploads\/2022\/03\/Neuheiten-2022-724x1024.jpg\" alt=\"\" class=\"wp-image-652\" srcset=\"https:\/\/www.frecciaazzurra.it\/wp-content\/uploads\/2022\/03\/Neuheiten-2022-724x1024.jpg 724w, https:\/\/www.frecciaazzurra.it\/wp-content\/uploads\/2022\/03\/Neuheiten-2022-scaled-350x495.jpg 350w, https:\/\/www.frecciaazzurra.it\/wp-content\/uploads\/2022\/03\/Neuheiten-2022-212x300.jpg 212w, https:\/\/www.frecciaazzurra.it\/wp-content\/uploads\/2022\/03\/Neuheiten-2022-768x1086.jpg 768w, https:\/\/www.frecciaazzurra.it\/wp-content\/uploads\/2022\/03\/Neuheiten-2022-1086x1536.jpg 1086w, https:\/\/www.frecciaazzurra.it\/wp-content\/uploads\/2022\/03\/Neuheiten-2022-1448x2048.jpg 1448w, https:\/\/www.frecciaazzurra.it\/wp-content\/uploads\/2022\/03\/Neuheiten-2022-scaled.jpg 1810w\" sizes=\"auto, (max-width: 724px) 100vw, 724px\" \/><\/figure>\n\n\n\n<p> <\/p>\n\n\n\n<p>__<\/p>\n<\/div><\/div>\n\n\n\n<div class=\"wp-block-columns is-layout-flex wp-container-core-columns-is-layout-9d6595d7 wp-block-columns-is-layout-flex\">\n<div class=\"wp-block-column is-layout-flow wp-block-column-is-layout-flow\">\n<p>FRECCIAAZURRA produziert Eisenbahnmodelle im Ma\u00dfstab 1:87 in Kleinstserien. Die Vorbilder der Modelle sind derzeit Nebenbahnfahrzeuge.<\/p>\n<\/div>\n\n\n\n<div class=\"wp-block-column is-layout-flow wp-block-column-is-layout-flow\">\n<p>FRECCIAAZURRA produce modelli ferroviari in scala 1:87 a livello artigianale. Per il momento ci si concentra su riproduzioni di veicoli di ferrovie secondarie.<\/p>\n<\/div>\n<\/div>\n\n\n\n<div class=\"wp-block-columns is-layout-flex wp-container-core-columns-is-layout-9d6595d7 wp-block-columns-is-layout-flex\">\n<div class=\"wp-block-column is-layout-flow wp-block-column-is-layout-flow\">\n<p>Wir sind selbst Enthusiasten der Nebenbahnen und m\u00f6chten auf diesem Wege unsere Passion gleichgesinnten Modelleisenbahnern anbieten.<\/p>\n<\/div>\n\n\n\n<div class=\"wp-block-column is-layout-flow wp-block-column-is-layout-flow\">\n<p>Noi stessi siamo entusiasti di ferrovie secondarie e in questo modo vogliamo proporre la nostra passione a ferromodellisti consenzienti.<\/p>\n<\/div>\n<\/div>\n\n\n\n<div class=\"wp-block-columns is-layout-flex wp-container-core-columns-is-layout-9d6595d7 wp-block-columns-is-layout-flex\">\n<div class=\"wp-block-column is-layout-flow wp-block-column-is-layout-flow\">\n<p>Viel Spa\u00df beim durchst\u00f6bern der Webseite!<\/p>\n<\/div>\n\n\n\n<div class=\"wp-block-column is-layout-flow wp-block-column-is-layout-flow\">\n<p>Vi auguriamo buona consultazione del sito!<\/p>\n<\/div>\n<\/div>\n","protected":false},"excerpt":{"rendered":"<p>auf der Webseite von FRECCIAAZURRA. sul sito web di FRECCIAAZZURRA. Aktuelles | novit\u00e0 SOFORT VERF\u00dcGBAR | DISPONIBILE BAUSATZ Diesellokomotive LM4 der FCL im Ma\u00dfstab 1:87 Spurweite H0m | Kit montaggio locomotore LM4 delle FCL in scala 1:87 scartamento H0m Bausatz der Diesellokomotive LM4 der FCL mit folgenden Eigenschaften: hochwertige Resingussteile, feine \u00c4tzteile, Gro\u00dfserienfahrwerk mit Plux12 &hellip; <a href=\"https:\/\/www.frecciaazzurra.it\/\" class=\"more-link\"><span class=\"screen-reader-text\">Willkommen | Benvenuti<\/span> weiterlesen<\/a><\/p>\n","protected":false},"author":1,"featured_media":1144,"parent":0,"menu_order":0,"comment_status":"closed","ping_status":"closed","template":"","meta":{"footnotes":""},"class_list":["post-385","page","type-page","status-publish","has-post-thumbnail","hentry"],"jetpack_sharing_enabled":true,"_links":{"self":[{"href":"https:\/\/www.frecciaazzurra.it\/index.php?rest_route=\/wp\/v2\/pages\/385","targetHints":{"allow":["GET"]}}],"collection":[{"href":"https:\/\/www.frecciaazzurra.it\/index.php?rest_route=\/wp\/v2\/pages"}],"about":[{"href":"https:\/\/www.frecciaazzurra.it\/index.php?rest_route=\/wp\/v2\/types\/page"}],"author":[{"embeddable":true,"href":"https:\/\/www.frecciaazzurra.it\/index.php?rest_route=\/wp\/v2\/users\/1"}],"replies":[{"embeddable":true,"href":"https:\/\/www.frecciaazzurra.it\/index.php?rest_route=%2Fwp%2Fv2%2Fcomments&post=385"}],"version-history":[{"count":29,"href":"https:\/\/www.frecciaazzurra.it\/index.php?rest_route=\/wp\/v2\/pages\/385\/revisions"}],"predecessor-version":[{"id":1175,"href":"https:\/\/www.frecciaazzurra.it\/index.php?rest_route=\/wp\/v2\/pages\/385\/revisions\/1175"}],"wp:featuredmedia":[{"embeddable":true,"href":"https:\/\/www.frecciaazzurra.it\/index.php?rest_route=\/wp\/v2\/media\/1144"}],"wp:attachment":[{"href":"https:\/\/www.frecciaazzurra.it\/index.php?rest_route=%2Fwp%2Fv2%2Fmedia&parent=385"}],"curies":[{"name":"wp","href":"https:\/\/api.w.org\/{rel}","templated":true}]}}