{"id":66,"date":"2020-11-19T07:52:32","date_gmt":"2020-11-19T06:52:32","guid":{"rendered":"https:\/\/www.frecciaazzurra.it\/?page_id=66"},"modified":"2023-12-16T16:04:57","modified_gmt":"2023-12-16T15:04:57","slug":"bestellung-ordine","status":"publish","type":"page","link":"https:\/\/www.frecciaazzurra.it\/?page_id=66","title":{"rendered":"Bestellung | ordine"},"content":{"rendered":"\n<div class=\"wp-block-columns is-layout-flex wp-container-core-columns-is-layout-9d6595d7 wp-block-columns-is-layout-flex\">\n<div class=\"wp-block-column is-layout-flow wp-block-column-is-layout-flow\">\n<p>Die Bestellung verf\u00fcgbarer Artikel k\u00f6nnen Sie per E-Mail t\u00e4tigen. <\/p>\n<\/div>\n\n\n\n<div class=\"wp-block-column is-layout-flow wp-block-column-is-layout-flow\">\n<p>L&#8217;ordine di articoli disponibili \u00e8 possibile attraverso l&#8217;invio di una E-Mail.<\/p>\n<\/div>\n<\/div>\n\n\n\n<div class=\"wp-block-columns is-layout-flex wp-container-core-columns-is-layout-9d6595d7 wp-block-columns-is-layout-flex\">\n<div class=\"wp-block-column is-layout-flow wp-block-column-is-layout-flow\">\n<p>\u00dcber alle weiteren Schritte (Auftragsbest\u00e4tigung, Bezahlung, Versand, etc.) werden Sie per E-Mail informiert.<\/p>\n<\/div>\n\n\n\n<div class=\"wp-block-column is-layout-flow wp-block-column-is-layout-flow\">\n<p>Per tutti i passi successivi sarete contattati via E-Mail (conferma d&#8217;ordine, pagamento, spedizione, ecc.).<\/p>\n<\/div>\n<\/div>\n\n\n<div class=\"wp-block-image\">\n<figure class=\"aligncenter size-full\"><img loading=\"lazy\" decoding=\"async\" width=\"501\" height=\"35\" src=\"https:\/\/www.frecciaazzurra.it\/wp-content\/uploads\/2021\/08\/image.png\" alt=\"\" class=\"wp-image-474\" srcset=\"https:\/\/www.frecciaazzurra.it\/wp-content\/uploads\/2021\/08\/image.png 501w, https:\/\/www.frecciaazzurra.it\/wp-content\/uploads\/2021\/08\/image-350x24.png 350w, https:\/\/www.frecciaazzurra.it\/wp-content\/uploads\/2021\/08\/image-300x21.png 300w\" sizes=\"auto, (max-width: 501px) 100vw, 501px\" \/><\/figure>\n<\/div>\n\n\n<p><\/p>\n\n\n\n<h2 class=\"wp-block-heading\">Bezahlung | Pagamento<\/h2>\n\n\n\n<div class=\"wp-block-columns is-layout-flex wp-container-core-columns-is-layout-9d6595d7 wp-block-columns-is-layout-flex\">\n<div class=\"wp-block-column is-layout-flow wp-block-column-is-layout-flow\">\n<p>Eine Bezahlung ist per Bank\u00fcberweisung (Vorkasse) m\u00f6glich. Nach der Bestellung erhalten Sie eine Rechnung mit der Zahlungsinformation zugesandt.<\/p>\n<\/div>\n\n\n\n<div class=\"wp-block-column is-layout-flow wp-block-column-is-layout-flow\">\n<p>Il pagamento \u00e8 possibile attraverso un bonifico bancario (pagamento anticipato). Dopo l&#8217;ordine ricever\u00e0 una fattura con le coordinate per il pagamento.<\/p>\n<\/div>\n<\/div>\n\n\n\n<h2 class=\"wp-block-heading\">Versand | Spedizione<\/h2>\n\n\n\n<div class=\"wp-block-columns is-layout-flex wp-container-core-columns-is-layout-9d6595d7 wp-block-columns-is-layout-flex\">\n<div class=\"wp-block-column is-layout-flow wp-block-column-is-layout-flow\">\n<p>Der Versand der Artikel erfolgt als versichertes Paket. Die Versandkosten sind folgend angef\u00fchrt. <\/p>\n\n\n\n<p>innerhalb \u00d6sterreichs: EUR 6,00<\/p>\n\n\n\n<p>f\u00fcr den EU-Raum: EUR 15,00<\/p>\n\n\n\n<p><\/p>\n<\/div>\n\n\n\n<div class=\"wp-block-column is-layout-flow wp-block-column-is-layout-flow\">\n<p>La spedizione dei articoli viene effetuata attraverso un pacco assicurato. I costi della spedizione sono elencati di seguito. <\/p>\n\n\n\n<p>in Austria: EUR 6,00<\/p>\n\n\n\n<p>all&#8217;interno dell&#8217;area UE: EUR 15,00<\/p>\n\n\n\n<p><\/p>\n<\/div>\n<\/div>\n\n\n\n<div class=\"wp-block-columns is-layout-flex wp-container-core-columns-is-layout-9d6595d7 wp-block-columns-is-layout-flex\">\n<div class=\"wp-block-column is-layout-flow wp-block-column-is-layout-flow\">\n<p>Der Versand erfolgt ab unserem Standort in Wien, \u00d6sterreich.<\/p>\n<\/div>\n\n\n\n<div class=\"wp-block-column is-layout-flow wp-block-column-is-layout-flow\">\n<p>La spedizione avviene dal nostro laboratorio di Vienna, Austria.<\/p>\n<\/div>\n<\/div>\n\n\n\n<div class=\"wp-block-columns is-layout-flex wp-container-core-columns-is-layout-9d6595d7 wp-block-columns-is-layout-flex\">\n<div class=\"wp-block-column is-layout-flow wp-block-column-is-layout-flow\">\n<p><strong>Information f\u00fcr Schweizer KundInnen:<\/strong> Der Versand in die Schweiz kostet ebenfalls EUR 15,00. Bitte beachten Sie, dass durch die Verzollung zus\u00e4tzliche Kosten auf Sie zukommen.<\/p>\n<\/div>\n\n\n\n<div class=\"wp-block-column is-layout-flow wp-block-column-is-layout-flow\">\n<p><strong>Informazione per clienti svizzeri:<\/strong> La spedizione verso la svizzera costa EUR 15,00. Le facciamo presente di considerare i costi aggiuntivi doganali.<\/p>\n<\/div>\n<\/div>\n\n\n\n<p><\/p>\n\n\n<div class=\"wp-block-image\">\n<figure class=\"aligncenter size-full\"><img loading=\"lazy\" decoding=\"async\" width=\"501\" height=\"35\" src=\"https:\/\/www.frecciaazzurra.it\/wp-content\/uploads\/2021\/08\/image.png\" alt=\"\" class=\"wp-image-474\" srcset=\"https:\/\/www.frecciaazzurra.it\/wp-content\/uploads\/2021\/08\/image.png 501w, https:\/\/www.frecciaazzurra.it\/wp-content\/uploads\/2021\/08\/image-350x24.png 350w, https:\/\/www.frecciaazzurra.it\/wp-content\/uploads\/2021\/08\/image-300x21.png 300w\" sizes=\"auto, (max-width: 501px) 100vw, 501px\" \/><\/figure>\n<\/div>\n\n\n<p><\/p>\n","protected":false},"excerpt":{"rendered":"<p>Die Bestellung verf\u00fcgbarer Artikel k\u00f6nnen Sie per E-Mail t\u00e4tigen. L&#8217;ordine di articoli disponibili \u00e8 possibile attraverso l&#8217;invio di una E-Mail. \u00dcber alle weiteren Schritte (Auftragsbest\u00e4tigung, Bezahlung, Versand, etc.) werden Sie per E-Mail informiert. Per tutti i passi successivi sarete contattati via E-Mail (conferma d&#8217;ordine, pagamento, spedizione, ecc.). Bezahlung | Pagamento Eine Bezahlung ist per Bank\u00fcberweisung &hellip; <a href=\"https:\/\/www.frecciaazzurra.it\/?page_id=66\" class=\"more-link\"><span class=\"screen-reader-text\">Bestellung | ordine<\/span> weiterlesen<\/a><\/p>\n","protected":false},"author":1,"featured_media":505,"parent":0,"menu_order":0,"comment_status":"closed","ping_status":"closed","template":"","meta":{"footnotes":""},"class_list":["post-66","page","type-page","status-publish","has-post-thumbnail","hentry"],"jetpack_sharing_enabled":true,"_links":{"self":[{"href":"https:\/\/www.frecciaazzurra.it\/index.php?rest_route=\/wp\/v2\/pages\/66","targetHints":{"allow":["GET"]}}],"collection":[{"href":"https:\/\/www.frecciaazzurra.it\/index.php?rest_route=\/wp\/v2\/pages"}],"about":[{"href":"https:\/\/www.frecciaazzurra.it\/index.php?rest_route=\/wp\/v2\/types\/page"}],"author":[{"embeddable":true,"href":"https:\/\/www.frecciaazzurra.it\/index.php?rest_route=\/wp\/v2\/users\/1"}],"replies":[{"embeddable":true,"href":"https:\/\/www.frecciaazzurra.it\/index.php?rest_route=%2Fwp%2Fv2%2Fcomments&post=66"}],"version-history":[{"count":38,"href":"https:\/\/www.frecciaazzurra.it\/index.php?rest_route=\/wp\/v2\/pages\/66\/revisions"}],"predecessor-version":[{"id":1163,"href":"https:\/\/www.frecciaazzurra.it\/index.php?rest_route=\/wp\/v2\/pages\/66\/revisions\/1163"}],"wp:featuredmedia":[{"embeddable":true,"href":"https:\/\/www.frecciaazzurra.it\/index.php?rest_route=\/wp\/v2\/media\/505"}],"wp:attachment":[{"href":"https:\/\/www.frecciaazzurra.it\/index.php?rest_route=%2Fwp%2Fv2%2Fmedia&parent=66"}],"curies":[{"name":"wp","href":"https:\/\/api.w.org\/{rel}","templated":true}]}}